{"id":8309,"date":"2023-09-22T10:34:15","date_gmt":"2023-09-22T10:34:15","guid":{"rendered":"https:\/\/northstartalent.com\/?page_id=8309"},"modified":"2024-12-12T12:50:21","modified_gmt":"2024-12-12T12:50:21","slug":"it-alan-rekrytointipalvelut-opas","status":"publish","type":"page","link":"https:\/\/northstartalent.com\/fi\/it-alan-rekrytointipalvelut-opas\/","title":{"rendered":"IT-alan rekrytointipalvelut opas"},"content":{"rendered":"<style>.kb-row-layout-id8309_a7c3ce-d8 > .kt-row-column-wrap{align-content:center;}:where(.kb-row-layout-id8309_a7c3ce-d8 > .kt-row-column-wrap) > .wp-block-kadence-column{justify-content:center;}.kb-row-layout-id8309_a7c3ce-d8 > .kt-row-column-wrap{column-gap:var(--global-kb-gap-lg, 4rem);row-gap:var(--global-kb-gap-md, 2rem);max-width:var( --global-content-width, 1280px );padding-left:var(--global-content-edge-padding);padding-right:var(--global-content-edge-padding);padding-top:var(--global-kb-spacing-xxl, 5rem);padding-bottom:var(--global-kb-spacing-xxl, 5rem);min-height:100vh;grid-template-columns:minmax(0, calc(65% - ((var(--global-kb-gap-lg, 4rem) * 1 )\/2)))minmax(0, calc(35% - ((var(--global-kb-gap-lg, 4rem) * 1 )\/2)));}.kb-row-layout-id8309_a7c3ce-d8 > .kt-row-layout-overlay{opacity:0.30;}@media all and (max-width: 1024px){.kb-row-layout-id8309_a7c3ce-d8 > .kt-row-column-wrap{grid-template-columns:repeat(2, minmax(0, 1fr));}}@media all and (max-width: 767px){.kb-row-layout-id8309_a7c3ce-d8 > .kt-row-column-wrap{grid-template-columns:minmax(0, 1fr);}}<\/style><div class=\"kb-row-layout-wrap kb-row-layout-id8309_a7c3ce-d8 alignfull has-theme-palette8-background-color kt-row-has-bg wp-block-kadence-rowlayout\"><div class=\"kt-row-column-wrap kt-has-2-columns kt-row-layout-equal kt-tab-layout-inherit kt-mobile-layout-row kt-row-valign-middle kb-theme-content-width\">\n<style>.kadence-column8309_3f9591-03 > .kt-inside-inner-col,.kadence-column8309_3f9591-03 > .kt-inside-inner-col:before{border-top-left-radius:0px;border-top-right-radius:0px;border-bottom-right-radius:0px;border-bottom-left-radius:0px;}.kadence-column8309_3f9591-03 > .kt-inside-inner-col{column-gap:var(--global-kb-gap-sm, 1rem);}.kadence-column8309_3f9591-03 > .kt-inside-inner-col{flex-direction:column;}.kadence-column8309_3f9591-03 > .kt-inside-inner-col > .aligncenter{width:100%;}.kadence-column8309_3f9591-03 > .kt-inside-inner-col:before{opacity:0.3;}.kadence-column8309_3f9591-03{position:relative;}@media all and (max-width: 1024px){.kadence-column8309_3f9591-03 > .kt-inside-inner-col{flex-direction:column;justify-content:center;}}@media all and (max-width: 767px){.kadence-column8309_3f9591-03 > .kt-inside-inner-col{flex-direction:column;justify-content:center;}}<\/style>\n<div class=\"wp-block-kadence-column kadence-column8309_3f9591-03\"><div class=\"kt-inside-inner-col\"><style>.kb-image8309_833652-e5 .kb-image-has-overlay:after{opacity:0.3;}<\/style>\n<figure class=\"wp-block-kadence-image kb-image8309_833652-e5 size-large image-is-svg\"><img loading=\"lazy\" decoding=\"async\" width=\"100\" height=\"100\" src=\"https:\/\/northstartalent.com\/wp-content\/uploads\/sites\/9\/2022\/06\/logo_blue.svg\" alt=\"Northstar Talent Logo Blue\" class=\"kb-img wp-image-3359\"\/><\/figure>\n\n\n<style>.wp-block-kadence-advancedheading.kt-adv-heading8309_b0eef8-0e, .wp-block-kadence-advancedheading.kt-adv-heading8309_b0eef8-0e[data-kb-block=\"kb-adv-heading8309_b0eef8-0e\"]{font-size:var(--global-kb-font-size-xxl, 4rem);font-style:normal;}.wp-block-kadence-advancedheading.kt-adv-heading8309_b0eef8-0e mark.kt-highlight, .wp-block-kadence-advancedheading.kt-adv-heading8309_b0eef8-0e[data-kb-block=\"kb-adv-heading8309_b0eef8-0e\"] mark.kt-highlight{font-style:normal;color:#f76a0c;-webkit-box-decoration-break:clone;box-decoration-break:clone;padding-top:0px;padding-right:0px;padding-bottom:0px;padding-left:0px;}.wp-block-kadence-advancedheading.kt-adv-heading8309_b0eef8-0e img.kb-inline-image, .wp-block-kadence-advancedheading.kt-adv-heading8309_b0eef8-0e[data-kb-block=\"kb-adv-heading8309_b0eef8-0e\"] img.kb-inline-image{width:150px;vertical-align:baseline;}<\/style>\n<h2 class=\"kt-adv-heading8309_b0eef8-0e wp-block-kadence-advancedheading\" data-kb-block=\"kb-adv-heading8309_b0eef8-0e\">Lataa IT-alan rekrypalvelut opas!<\/h2>\n\n\n\n<p>Lataa maksuton oppaamme ja opi millaisten ratkaisujen avulla autamme asiakkaitamme menestym\u00e4\u00e4n IT-osaajien rekrytoinnissa. <\/p>\n\n\n<style>.wp-block-kadence-advancedbtn.kb-btns8309_3080c2-ff{gap:var(--global-kb-gap-xs, 0.5rem );justify-content:flex-start;align-items:center;}.kt-btns8309_3080c2-ff .kt-button{font-weight:normal;font-style:normal;}.kt-btns8309_3080c2-ff .kt-btn-wrap-0{margin-right:5px;}.wp-block-kadence-advancedbtn.kt-btns8309_3080c2-ff .kt-btn-wrap-0 .kt-button{color:#555555;border-color:#555555;}.wp-block-kadence-advancedbtn.kt-btns8309_3080c2-ff .kt-btn-wrap-0 .kt-button:hover, .wp-block-kadence-advancedbtn.kt-btns8309_3080c2-ff .kt-btn-wrap-0 .kt-button:focus{color:#ffffff;border-color:#444444;}.wp-block-kadence-advancedbtn.kt-btns8309_3080c2-ff .kt-btn-wrap-0 .kt-button::before{display:none;}.wp-block-kadence-advancedbtn.kt-btns8309_3080c2-ff .kt-btn-wrap-0 .kt-button:hover, .wp-block-kadence-advancedbtn.kt-btns8309_3080c2-ff .kt-btn-wrap-0 .kt-button:focus{background:#444444;}<\/style>\n<div class=\"wp-block-kadence-advancedbtn kb-buttons-wrap kb-btns8309_3080c2-ff\"><style>ul.menu .wp-block-kadence-advancedbtn .kb-btn8309_0af6ed-f7.kb-button{width:initial;}<\/style><a class=\"kb-button kt-button button kb-btn8309_0af6ed-f7 kt-btn-size-standard kt-btn-width-type-auto kb-btn-global-inherit  kt-btn-has-text-true kt-btn-has-svg-false  wp-block-button__link wp-block-kadence-singlebtn\" href=\"#lomake\"><span class=\"kt-btn-inner-text\">Lataa opas<\/span><\/a><\/div>\n<\/div><\/div>\n\n\n<style>.kadence-column8309_eaf090-c5 > .kt-inside-inner-col,.kadence-column8309_eaf090-c5 > .kt-inside-inner-col:before{border-top-left-radius:0px;border-top-right-radius:0px;border-bottom-right-radius:0px;border-bottom-left-radius:0px;}.kadence-column8309_eaf090-c5 > .kt-inside-inner-col{column-gap:var(--global-kb-gap-sm, 1rem);}.kadence-column8309_eaf090-c5 > .kt-inside-inner-col{flex-direction:column;}.kadence-column8309_eaf090-c5 > .kt-inside-inner-col > .aligncenter{width:100%;}.kadence-column8309_eaf090-c5 > .kt-inside-inner-col:before{opacity:0.3;}.kadence-column8309_eaf090-c5{position:relative;}@media all and (max-width: 1024px){.kadence-column8309_eaf090-c5 > .kt-inside-inner-col{flex-direction:column;justify-content:center;}}@media all and (max-width: 767px){.kadence-column8309_eaf090-c5 > .kt-inside-inner-col{flex-direction:column;justify-content:center;}}<\/style>\n<div class=\"wp-block-kadence-column kadence-column8309_eaf090-c5\"><div class=\"kt-inside-inner-col\"><style>.wp-block-kadence-advancedgallery.kb-gallery-wrap-id-8309_c7a97b-16{padding-top:var(--global-kb-spacing-md, 2rem);padding-bottom:var(--global-kb-spacing-md, 2rem);}.wp-block-kadence-advancedgallery .kb-gallery-type-masonry.kb-gallery-id-8309_c7a97b-16{margin:-5px;}.kb-gallery-type-masonry.kb-gallery-id-8309_c7a97b-16 .kadence-blocks-gallery-item{padding:5px;}.kb-gallery-id-8309_c7a97b-16 .kadence-blocks-gallery-item .kb-gal-image-radius, .kb-gallery-id-8309_c7a97b-16 .kb-slide-item .kb-gal-image-radius img{border-radius:0px 0px 0px 0px;;}@media all and (max-width: 767px){.wp-block-kadence-advancedgallery .kb-gallery-type-masonry.kb-gallery-id-8309_c7a97b-16{margin:-7.5px;}.kb-gallery-type-masonry.kb-gallery-id-8309_c7a97b-16 .kadence-blocks-gallery-item{padding:7.5px;}}<\/style><div class=\"kb-gallery-wrap-id-8309_c7a97b-16 alignnone wp-block-kadence-advancedgallery\"><ul class=\"kb-gallery-ul kb-gallery-non-static kb-gallery-type-masonry kb-masonry-init kb-gallery-id-8309_c7a97b-16 kb-gallery-caption-style-bottom-hover kb-gallery-filter-none\" data-image-filter=\"none\" data-item-selector=\".kadence-blocks-gallery-item\" data-lightbox-caption=\"true\" data-columns-xxl=\"2\" data-columns-xl=\"2\" data-columns-md=\"2\" data-columns-sm=\"2\" data-columns-xs=\"1\" data-columns-ss=\"1\"><li class=\"kadence-blocks-gallery-item\" tabindex=\"0\"><div class=\"kadence-blocks-gallery-item-inner\"><figure class=\"kb-gallery-figure kadence-blocks-gallery-item-hide-caption\"><div class=\"kb-gal-image-radius\" style=\"max-width:232px;\"><div class=\"kb-gallery-image-contain kadence-blocks-gallery-intrinsic\" style=\"padding-bottom:129%;\"><img loading=\"lazy\" decoding=\"async\" src=\"https:\/\/northstartalent.com\/wp-content\/uploads\/sites\/9\/2023\/09\/01-232x300.png\" width=\"232\" height=\"300\" alt=\"\" data-full-image=\"https:\/\/northstartalent.com\/wp-content\/uploads\/sites\/9\/2023\/09\/01.png\" data-light-image=\"https:\/\/northstartalent.com\/wp-content\/uploads\/sites\/9\/2023\/09\/01.png\" data-id=\"8315\" class=\"wp-image-8315\" srcset=\"https:\/\/northstartalent.com\/wp-content\/uploads\/sites\/9\/2023\/09\/01-232x300.png 232w, https:\/\/northstartalent.com\/wp-content\/uploads\/sites\/9\/2023\/09\/01-9x12.png 9w, https:\/\/northstartalent.com\/wp-content\/uploads\/sites\/9\/2023\/09\/01.png 500w\" sizes=\"auto, (max-width: 232px) 100vw, 232px\" \/><\/div><\/div><\/figure><\/div><\/li><li class=\"kadence-blocks-gallery-item\" tabindex=\"0\"><div class=\"kadence-blocks-gallery-item-inner\"><figure class=\"kb-gallery-figure kadence-blocks-gallery-item-hide-caption\"><div class=\"kb-gal-image-radius\" style=\"max-width:232px;\"><div class=\"kb-gallery-image-contain kadence-blocks-gallery-intrinsic\" style=\"padding-bottom:129%;\"><img loading=\"lazy\" decoding=\"async\" src=\"https:\/\/northstartalent.com\/wp-content\/uploads\/sites\/9\/2023\/09\/02-232x300.png\" width=\"232\" height=\"300\" alt=\"\" data-full-image=\"https:\/\/northstartalent.com\/wp-content\/uploads\/sites\/9\/2023\/09\/02.png\" data-light-image=\"https:\/\/northstartalent.com\/wp-content\/uploads\/sites\/9\/2023\/09\/02.png\" data-id=\"8316\" class=\"wp-image-8316\" srcset=\"https:\/\/northstartalent.com\/wp-content\/uploads\/sites\/9\/2023\/09\/02-232x300.png 232w, https:\/\/northstartalent.com\/wp-content\/uploads\/sites\/9\/2023\/09\/02-9x12.png 9w, https:\/\/northstartalent.com\/wp-content\/uploads\/sites\/9\/2023\/09\/02.png 500w\" sizes=\"auto, (max-width: 232px) 100vw, 232px\" \/><\/div><\/div><\/figure><\/div><\/li><li class=\"kadence-blocks-gallery-item\" tabindex=\"0\"><div class=\"kadence-blocks-gallery-item-inner\"><figure class=\"kb-gallery-figure kadence-blocks-gallery-item-hide-caption\"><div class=\"kb-gal-image-radius\" style=\"max-width:232px;\"><div class=\"kb-gallery-image-contain kadence-blocks-gallery-intrinsic\" style=\"padding-bottom:129%;\"><img loading=\"lazy\" decoding=\"async\" src=\"https:\/\/northstartalent.com\/wp-content\/uploads\/sites\/9\/2023\/09\/03-232x300.png\" width=\"232\" height=\"300\" alt=\"\" data-full-image=\"https:\/\/northstartalent.com\/wp-content\/uploads\/sites\/9\/2023\/09\/03.png\" data-light-image=\"https:\/\/northstartalent.com\/wp-content\/uploads\/sites\/9\/2023\/09\/03.png\" data-id=\"8317\" class=\"wp-image-8317\" srcset=\"https:\/\/northstartalent.com\/wp-content\/uploads\/sites\/9\/2023\/09\/03-232x300.png 232w, https:\/\/northstartalent.com\/wp-content\/uploads\/sites\/9\/2023\/09\/03-9x12.png 9w, https:\/\/northstartalent.com\/wp-content\/uploads\/sites\/9\/2023\/09\/03.png 500w\" sizes=\"auto, (max-width: 232px) 100vw, 232px\" \/><\/div><\/div><\/figure><\/div><\/li><li class=\"kadence-blocks-gallery-item\" tabindex=\"0\"><div class=\"kadence-blocks-gallery-item-inner\"><figure class=\"kb-gallery-figure kadence-blocks-gallery-item-hide-caption\"><div class=\"kb-gal-image-radius\" style=\"max-width:232px;\"><div class=\"kb-gallery-image-contain kadence-blocks-gallery-intrinsic\" style=\"padding-bottom:129%;\"><img loading=\"lazy\" decoding=\"async\" src=\"https:\/\/northstartalent.com\/wp-content\/uploads\/sites\/9\/2023\/09\/04-232x300.png\" width=\"232\" height=\"300\" alt=\"\" data-full-image=\"https:\/\/northstartalent.com\/wp-content\/uploads\/sites\/9\/2023\/09\/04.png\" data-light-image=\"https:\/\/northstartalent.com\/wp-content\/uploads\/sites\/9\/2023\/09\/04.png\" data-id=\"8318\" class=\"wp-image-8318\" srcset=\"https:\/\/northstartalent.com\/wp-content\/uploads\/sites\/9\/2023\/09\/04-232x300.png 232w, https:\/\/northstartalent.com\/wp-content\/uploads\/sites\/9\/2023\/09\/04-9x12.png 9w, https:\/\/northstartalent.com\/wp-content\/uploads\/sites\/9\/2023\/09\/04.png 500w\" sizes=\"auto, (max-width: 232px) 100vw, 232px\" \/><\/div><\/div><\/figure><\/div><\/li><\/ul><\/div><\/div><\/div>\n\n<\/div><\/div>\n\n<style>.kb-row-layout-id8309_9164a5-72 > .kt-row-column-wrap{align-content:center;}:where(.kb-row-layout-id8309_9164a5-72 > .kt-row-column-wrap) > .wp-block-kadence-column{justify-content:center;}.kb-row-layout-id8309_9164a5-72 > .kt-row-column-wrap{column-gap:var(--global-kb-gap-md, 2rem);row-gap:var(--global-kb-gap-md, 2rem);max-width:var( --global-content-width, 1280px );padding-left:var(--global-content-edge-padding);padding-right:var(--global-content-edge-padding);padding-top:var(--global-kb-spacing-md, 2rem);padding-bottom:var(--global-kb-spacing-xl, 4rem);min-height:100vh;grid-template-columns:repeat(2, minmax(0, 1fr));}.kb-row-layout-id8309_9164a5-72 > .kt-row-layout-overlay{opacity:0.30;}@media all and (max-width: 1024px){.kb-row-layout-id8309_9164a5-72 > .kt-row-column-wrap{grid-template-columns:repeat(2, minmax(0, 1fr));}}@media all and (max-width: 767px){.kb-row-layout-id8309_9164a5-72 > .kt-row-column-wrap{grid-template-columns:minmax(0, 1fr);}}<\/style><div class=\"kb-row-layout-wrap kb-row-layout-id8309_9164a5-72 alignnone has-theme-palette2-background-color kt-row-has-bg wp-block-kadence-rowlayout\" id=\"lomake\"><div class=\"kt-row-column-wrap kt-has-2-columns kt-row-layout-equal kt-tab-layout-inherit kt-mobile-layout-row kt-row-valign-middle kb-theme-content-width\">\n<style>.kadence-column8309_f5254b-f4 > .kt-inside-inner-col,.kadence-column8309_f5254b-f4 > .kt-inside-inner-col:before{border-top-left-radius:0px;border-top-right-radius:0px;border-bottom-right-radius:0px;border-bottom-left-radius:0px;}.kadence-column8309_f5254b-f4 > .kt-inside-inner-col{column-gap:var(--global-kb-gap-sm, 1rem);}.kadence-column8309_f5254b-f4 > .kt-inside-inner-col{flex-direction:column;}.kadence-column8309_f5254b-f4 > .kt-inside-inner-col > .aligncenter{width:100%;}.kadence-column8309_f5254b-f4 > .kt-inside-inner-col:before{opacity:0.3;}.kadence-column8309_f5254b-f4{position:relative;}@media all and (max-width: 1024px){.kadence-column8309_f5254b-f4 > .kt-inside-inner-col{flex-direction:column;justify-content:center;}}@media all and (max-width: 767px){.kadence-column8309_f5254b-f4 > .kt-inside-inner-col{flex-direction:column;justify-content:center;}}<\/style>\n<div class=\"wp-block-kadence-column kadence-column8309_f5254b-f4\"><div class=\"kt-inside-inner-col\"><style>.wp-block-kadence-advancedheading.kt-adv-heading8309_4d0286-87, .wp-block-kadence-advancedheading.kt-adv-heading8309_4d0286-87[data-kb-block=\"kb-adv-heading8309_4d0286-87\"]{font-size:var(--global-kb-font-size-xxl, 4rem);font-style:normal;}.wp-block-kadence-advancedheading.kt-adv-heading8309_4d0286-87 mark.kt-highlight, .wp-block-kadence-advancedheading.kt-adv-heading8309_4d0286-87[data-kb-block=\"kb-adv-heading8309_4d0286-87\"] mark.kt-highlight{font-style:normal;color:#f76a0c;-webkit-box-decoration-break:clone;box-decoration-break:clone;padding-top:0px;padding-right:0px;padding-bottom:0px;padding-left:0px;}.wp-block-kadence-advancedheading.kt-adv-heading8309_4d0286-87 img.kb-inline-image, .wp-block-kadence-advancedheading.kt-adv-heading8309_4d0286-87[data-kb-block=\"kb-adv-heading8309_4d0286-87\"] img.kb-inline-image{width:150px;vertical-align:baseline;}<\/style>\n<h3 class=\"kt-adv-heading8309_4d0286-87 wp-block-kadence-advancedheading has-theme-palette-9-color has-text-color\" data-kb-block=\"kb-adv-heading8309_4d0286-87\">T\u00e4yt\u00e4 oheinen lomake ladataksesi oppaan!<\/h3>\n<\/div><\/div>\n\n\n<style>.kadence-column8309_c97c33-8d > .kt-inside-inner-col,.kadence-column8309_c97c33-8d > .kt-inside-inner-col:before{border-top-left-radius:0px;border-top-right-radius:0px;border-bottom-right-radius:0px;border-bottom-left-radius:0px;}.kadence-column8309_c97c33-8d > .kt-inside-inner-col{column-gap:var(--global-kb-gap-sm, 1rem);}.kadence-column8309_c97c33-8d > .kt-inside-inner-col{flex-direction:column;}.kadence-column8309_c97c33-8d > .kt-inside-inner-col > .aligncenter{width:100%;}.kadence-column8309_c97c33-8d > .kt-inside-inner-col:before{opacity:0.3;}.kadence-column8309_c97c33-8d{position:relative;}@media all and (max-width: 1024px){.kadence-column8309_c97c33-8d > .kt-inside-inner-col{flex-direction:column;justify-content:center;}}@media all and (max-width: 767px){.kadence-column8309_c97c33-8d > .kt-inside-inner-col{flex-direction:column;justify-content:center;}}<\/style>\n<div class=\"wp-block-kadence-column kadence-column8309_c97c33-8d\"><div class=\"kt-inside-inner-col\"><p><script charset=\"utf-8\" type=\"text\/javascript\" src=\"\/\/js-eu1.hsforms.net\/forms\/embed\/v2.js\"><\/script><br \/>\n<script>\n  hbspt.forms.create({\n    portalId: \"2579361\",\n    formId: \"d5a9b810-d93e-4fb0-bc8e-4611dd75fe0c\",\n    sfdcCampaignId: \"701Qw000001EueWIAS\"\n  });\n<\/script><\/p>\n<\/div><\/div>\n\n<\/div><\/div>","protected":false},"excerpt":{"rendered":"<p>Lataa IT-alan rekrypalvelut opas! Lataa maksuton oppaamme ja opi millaisten ratkaisujen avulla autamme asiakkaitamme menestym\u00e4\u00e4n IT-osaajien rekrytoinnissa. T\u00e4yt\u00e4 oheinen lomake ladataksesi oppaan!<\/p>","protected":false},"author":1,"featured_media":0,"parent":0,"menu_order":0,"comment_status":"closed","ping_status":"closed","template":"","meta":{"inline_featured_image":false,"_kad_blocks_custom_css":"","_kad_blocks_head_custom_js":"","_kad_blocks_body_custom_js":"","_kad_blocks_footer_custom_js":"","_kadence_starter_templates_imported_post":false,"_kad_post_transparent":"default","_kad_post_title":"hide","_kad_post_layout":"","_kad_post_sidebar_id":"","_kad_post_content_style":"","_kad_post_vertical_padding":"","_kad_post_feature":"","_kad_post_feature_position":"","_kad_post_header":true,"_kad_post_footer":true,"_kad_post_classname":"","footnotes":""},"class_list":["post-8309","page","type-page","status-publish","hentry"],"yoast_head":"<!-- This site is optimized with the Yoast SEO plugin v27.4 - https:\/\/yoast.com\/product\/yoast-seo-wordpress\/ -->\n<title>IT-alan rekrytointipalvelut opas - Northstar Talent<\/title>\n<meta name=\"robots\" content=\"index, follow, max-snippet:-1, max-image-preview:large, max-video-preview:-1\" \/>\n<link rel=\"canonical\" href=\"https:\/\/northstartalent.com\/fi\/it-alan-rekrytointipalvelut-opas\/\" \/>\n<meta property=\"og:locale\" content=\"fi_FI\" \/>\n<meta property=\"og:type\" content=\"article\" \/>\n<meta property=\"og:title\" content=\"IT-alan rekrytointipalvelut opas - Northstar Talent\" \/>\n<meta property=\"og:description\" content=\"Lataa IT-alan rekrypalvelut opas! Lataa maksuton oppaamme ja opi millaisten ratkaisujen avulla autamme asiakkaitamme menestym\u00e4\u00e4n IT-osaajien rekrytoinnissa. T\u00e4yt\u00e4 oheinen lomake ladataksesi oppaan!\" \/>\n<meta property=\"og:url\" content=\"https:\/\/northstartalent.com\/fi\/it-alan-rekrytointipalvelut-opas\/\" \/>\n<meta property=\"og:site_name\" content=\"Northstar Talent\" \/>\n<meta property=\"article:modified_time\" content=\"2024-12-12T12:50:21+00:00\" \/>\n<meta name=\"twitter:card\" content=\"summary_large_image\" \/>\n<script type=\"application\/ld+json\" class=\"yoast-schema-graph\">{\"@context\":\"https:\\\/\\\/schema.org\",\"@graph\":[{\"@type\":\"WebPage\",\"@id\":\"https:\\\/\\\/northstartalent.com\\\/it-alan-rekrytointipalvelut-opas\\\/\",\"url\":\"https:\\\/\\\/northstartalent.com\\\/it-alan-rekrytointipalvelut-opas\\\/\",\"name\":\"IT-alan rekrytointipalvelut opas - Northstar Talent\",\"isPartOf\":{\"@id\":\"https:\\\/\\\/northstartalent.com\\\/#website\"},\"primaryImageOfPage\":{\"@id\":\"https:\\\/\\\/northstartalent.com\\\/it-alan-rekrytointipalvelut-opas\\\/#primaryimage\"},\"image\":{\"@id\":\"https:\\\/\\\/northstartalent.com\\\/it-alan-rekrytointipalvelut-opas\\\/#primaryimage\"},\"thumbnailUrl\":\"https:\\\/\\\/northstartalent.com\\\/wp-content\\\/uploads\\\/sites\\\/9\\\/2022\\\/06\\\/logo_blue.svg\",\"datePublished\":\"2023-09-22T10:34:15+00:00\",\"dateModified\":\"2024-12-12T12:50:21+00:00\",\"breadcrumb\":{\"@id\":\"https:\\\/\\\/northstartalent.com\\\/it-alan-rekrytointipalvelut-opas\\\/#breadcrumb\"},\"inLanguage\":\"fi\",\"potentialAction\":[{\"@type\":\"ReadAction\",\"target\":[\"https:\\\/\\\/northstartalent.com\\\/it-alan-rekrytointipalvelut-opas\\\/\"]}]},{\"@type\":\"ImageObject\",\"inLanguage\":\"fi\",\"@id\":\"https:\\\/\\\/northstartalent.com\\\/it-alan-rekrytointipalvelut-opas\\\/#primaryimage\",\"url\":\"https:\\\/\\\/northstartalent.com\\\/wp-content\\\/uploads\\\/sites\\\/9\\\/2022\\\/06\\\/logo_blue.svg\",\"contentUrl\":\"https:\\\/\\\/northstartalent.com\\\/wp-content\\\/uploads\\\/sites\\\/9\\\/2022\\\/06\\\/logo_blue.svg\"},{\"@type\":\"BreadcrumbList\",\"@id\":\"https:\\\/\\\/northstartalent.com\\\/it-alan-rekrytointipalvelut-opas\\\/#breadcrumb\",\"itemListElement\":[{\"@type\":\"ListItem\",\"position\":1,\"name\":\"Home\",\"item\":\"https:\\\/\\\/northstartalent.com\\\/\"},{\"@type\":\"ListItem\",\"position\":2,\"name\":\"IT-alan rekrytointipalvelut opas\"}]},{\"@type\":\"WebSite\",\"@id\":\"https:\\\/\\\/northstartalent.com\\\/#website\",\"url\":\"https:\\\/\\\/northstartalent.com\\\/\",\"name\":\"Northstar Talent\",\"description\":\"Your Guide to a Brighter Future\",\"publisher\":{\"@id\":\"https:\\\/\\\/northstartalent.com\\\/#organization\"},\"potentialAction\":[{\"@type\":\"SearchAction\",\"target\":{\"@type\":\"EntryPoint\",\"urlTemplate\":\"https:\\\/\\\/northstartalent.com\\\/?s={search_term_string}\"},\"query-input\":{\"@type\":\"PropertyValueSpecification\",\"valueRequired\":true,\"valueName\":\"search_term_string\"}}],\"inLanguage\":\"fi\"},{\"@type\":\"Organization\",\"@id\":\"https:\\\/\\\/northstartalent.com\\\/#organization\",\"name\":\"Northstar Talent\",\"url\":\"https:\\\/\\\/northstartalent.com\\\/\",\"logo\":{\"@type\":\"ImageObject\",\"inLanguage\":\"fi\",\"@id\":\"https:\\\/\\\/northstartalent.com\\\/#\\\/schema\\\/logo\\\/image\\\/\",\"url\":\"https:\\\/\\\/northstartalent.com\\\/wp-content\\\/uploads\\\/sites\\\/9\\\/2025\\\/01\\\/Northstar-Part-of-B-white-rgb-1.png\",\"contentUrl\":\"https:\\\/\\\/northstartalent.com\\\/wp-content\\\/uploads\\\/sites\\\/9\\\/2025\\\/01\\\/Northstar-Part-of-B-white-rgb-1.png\",\"width\":500,\"height\":342,\"caption\":\"Northstar Talent\"},\"image\":{\"@id\":\"https:\\\/\\\/northstartalent.com\\\/#\\\/schema\\\/logo\\\/image\\\/\"}}]}<\/script>\n<!-- \/ Yoast SEO plugin. -->","yoast_head_json":{"title":"IT-alan rekrytointipalvelut opas - Northstar Talent","robots":{"index":"index","follow":"follow","max-snippet":"max-snippet:-1","max-image-preview":"max-image-preview:large","max-video-preview":"max-video-preview:-1"},"canonical":"https:\/\/northstartalent.com\/fi\/it-alan-rekrytointipalvelut-opas\/","og_locale":"fi_FI","og_type":"article","og_title":"IT-alan rekrytointipalvelut opas - Northstar Talent","og_description":"Lataa IT-alan rekrypalvelut opas! Lataa maksuton oppaamme ja opi millaisten ratkaisujen avulla autamme asiakkaitamme menestym\u00e4\u00e4n IT-osaajien rekrytoinnissa. T\u00e4yt\u00e4 oheinen lomake ladataksesi oppaan!","og_url":"https:\/\/northstartalent.com\/fi\/it-alan-rekrytointipalvelut-opas\/","og_site_name":"Northstar Talent","article_modified_time":"2024-12-12T12:50:21+00:00","twitter_card":"summary_large_image","schema":{"@context":"https:\/\/schema.org","@graph":[{"@type":"WebPage","@id":"https:\/\/northstartalent.com\/it-alan-rekrytointipalvelut-opas\/","url":"https:\/\/northstartalent.com\/it-alan-rekrytointipalvelut-opas\/","name":"IT-alan rekrytointipalvelut opas - Northstar Talent","isPartOf":{"@id":"https:\/\/northstartalent.com\/#website"},"primaryImageOfPage":{"@id":"https:\/\/northstartalent.com\/it-alan-rekrytointipalvelut-opas\/#primaryimage"},"image":{"@id":"https:\/\/northstartalent.com\/it-alan-rekrytointipalvelut-opas\/#primaryimage"},"thumbnailUrl":"https:\/\/northstartalent.com\/wp-content\/uploads\/sites\/9\/2022\/06\/logo_blue.svg","datePublished":"2023-09-22T10:34:15+00:00","dateModified":"2024-12-12T12:50:21+00:00","breadcrumb":{"@id":"https:\/\/northstartalent.com\/it-alan-rekrytointipalvelut-opas\/#breadcrumb"},"inLanguage":"fi","potentialAction":[{"@type":"ReadAction","target":["https:\/\/northstartalent.com\/it-alan-rekrytointipalvelut-opas\/"]}]},{"@type":"ImageObject","inLanguage":"fi","@id":"https:\/\/northstartalent.com\/it-alan-rekrytointipalvelut-opas\/#primaryimage","url":"https:\/\/northstartalent.com\/wp-content\/uploads\/sites\/9\/2022\/06\/logo_blue.svg","contentUrl":"https:\/\/northstartalent.com\/wp-content\/uploads\/sites\/9\/2022\/06\/logo_blue.svg"},{"@type":"BreadcrumbList","@id":"https:\/\/northstartalent.com\/it-alan-rekrytointipalvelut-opas\/#breadcrumb","itemListElement":[{"@type":"ListItem","position":1,"name":"Home","item":"https:\/\/northstartalent.com\/"},{"@type":"ListItem","position":2,"name":"IT-alan rekrytointipalvelut opas"}]},{"@type":"WebSite","@id":"https:\/\/northstartalent.com\/#website","url":"https:\/\/northstartalent.com\/","name":"Northstar Talentilla","description":"Your Guide to a Brighter Future","publisher":{"@id":"https:\/\/northstartalent.com\/#organization"},"potentialAction":[{"@type":"SearchAction","target":{"@type":"EntryPoint","urlTemplate":"https:\/\/northstartalent.com\/?s={search_term_string}"},"query-input":{"@type":"PropertyValueSpecification","valueRequired":true,"valueName":"search_term_string"}}],"inLanguage":"fi"},{"@type":"Organization","@id":"https:\/\/northstartalent.com\/#organization","name":"Northstar Talentilla","url":"https:\/\/northstartalent.com\/","logo":{"@type":"ImageObject","inLanguage":"fi","@id":"https:\/\/northstartalent.com\/#\/schema\/logo\/image\/","url":"https:\/\/northstartalent.com\/wp-content\/uploads\/sites\/9\/2025\/01\/Northstar-Part-of-B-white-rgb-1.png","contentUrl":"https:\/\/northstartalent.com\/wp-content\/uploads\/sites\/9\/2025\/01\/Northstar-Part-of-B-white-rgb-1.png","width":500,"height":342,"caption":"Northstar Talent"},"image":{"@id":"https:\/\/northstartalent.com\/#\/schema\/logo\/image\/"}}]}},"taxonomy_info":[],"featured_image_src_large":false,"author_info":{"display_name":"evermadeadm","author_link":"https:\/\/northstartalent.com\/fi\/author\/evermadeadm\/"},"comment_info":0,"_links":{"self":[{"href":"https:\/\/northstartalent.com\/fi\/wp-json\/wp\/v2\/pages\/8309","targetHints":{"allow":["GET"]}}],"collection":[{"href":"https:\/\/northstartalent.com\/fi\/wp-json\/wp\/v2\/pages"}],"about":[{"href":"https:\/\/northstartalent.com\/fi\/wp-json\/wp\/v2\/types\/page"}],"author":[{"embeddable":true,"href":"https:\/\/northstartalent.com\/fi\/wp-json\/wp\/v2\/users\/1"}],"replies":[{"embeddable":true,"href":"https:\/\/northstartalent.com\/fi\/wp-json\/wp\/v2\/comments?post=8309"}],"version-history":[{"count":0,"href":"https:\/\/northstartalent.com\/fi\/wp-json\/wp\/v2\/pages\/8309\/revisions"}],"wp:attachment":[{"href":"https:\/\/northstartalent.com\/fi\/wp-json\/wp\/v2\/media?parent=8309"}],"curies":[{"name":"wp","href":"https:\/\/api.w.org\/{rel}","templated":true}]}}